{"id":145,"date":"2023-05-02T19:02:19","date_gmt":"2023-05-02T19:02:19","guid":{"rendered":"https:\/\/ftder.org.tr\/web\/?page_id=145"},"modified":"2023-05-02T19:04:33","modified_gmt":"2023-05-02T19:04:33","slug":"amac-kapsam","status":"publish","type":"page","link":"https:\/\/ftder.org.tr\/web\/amac-kapsam\/","title":{"rendered":"Ama\u00e7 &#038; Kapsam"},"content":{"rendered":"<p>Fonksiyonel T\u0131p Derne\u011fi Ama\u00e7lar\u0131<\/p>\n<p>Fonksiyonel T\u0131p Derne\u011fi, sa\u011fl\u0131k ve ya\u015fam kalitesini iyile\u015ftirmeyi ama\u00e7layan, bireyselle\u015ftirilmi\u015f ve bilimsel temellere dayal\u0131 bir t\u0131p yakla\u015f\u0131m\u0131 olan fonksiyonel t\u0131bb\u0131 yayg\u0131nla\u015ft\u0131rmay\u0131 hedeflemektedir. Dernek, bu amac\u0131n\u0131 ger\u00e7ekle\u015ftirmek i\u00e7in \u015fu faaliyetlere odaklanmaktad\u0131r:<\/p>\n<p>E\u011fitim ve Sertifikasyon: Fonksiyonel T\u0131p e\u011fitimlerini ve sertifikasyon programlar\u0131n\u0131 d\u00fczenleyerek, sa\u011fl\u0131k profesyonellerinin bu alandaki bilgi ve becerilerini geli\u015ftirmelerine katk\u0131 sa\u011flamak.<\/p>\n<p>Bilimsel Ara\u015ft\u0131rma ve \u0130\u015fbirli\u011fi: Fonksiyonel T\u0131p alan\u0131nda bilimsel ara\u015ft\u0131rmalar\u0131 desteklemek, ulusal ve uluslararas\u0131 d\u00fczeyde i\u015fbirliklerini te\u015fvik ederek, bu alandaki bilgi ve uygulamalar\u0131n geli\u015fimine katk\u0131da bulunmak.<\/p>\n<p>Fark\u0131ndal\u0131k ve Bilgi Payla\u015f\u0131m\u0131: Fonksiyonel T\u0131p ve bireysel sa\u011fl\u0131k konular\u0131nda fark\u0131ndal\u0131\u011f\u0131 art\u0131rmak amac\u0131yla seminerler, konferanslar ve etkinlikler d\u00fczenlemek; blog ve sosyal medya kanallar\u0131 arac\u0131l\u0131\u011f\u0131yla bilgi payla\u015f\u0131m\u0131nda bulunmak.<\/p>\n<p>Hasta Bak\u0131m\u0131 ve Destek: Fonksiyonel T\u0131p uygulamalar\u0131n\u0131 kullanarak hastalar\u0131n sa\u011fl\u0131k sorunlar\u0131n\u0131 b\u00fct\u00fcnc\u00fcl ve bireyselle\u015ftirilmi\u015f bir yakla\u015f\u0131mla ele almak, ya\u015fam kalitelerini art\u0131rmalar\u0131na yard\u0131mc\u0131 olmak.<\/p>\n<p>Y\u00f6netmelik ve Standartlar: Fonksiyonel T\u0131p uygulamalar\u0131 ve e\u011fitimleri i\u00e7in etik ve kalite standartlar\u0131n\u0131 belirlemek, bu standartlara uyum sa\u011flamak ve denetlemek.<\/p>\n<p>Fonksiyonel T\u0131p Derne\u011fi, t\u00fcm bu faaliyetlerle, sa\u011fl\u0131k profesyonelleri ve toplum aras\u0131nda fonksiyonel t\u0131bb\u0131n \u00f6nemini vurgulamay\u0131 ve bu alan\u0131n daha geni\u015f kitlelere ula\u015fmas\u0131n\u0131 sa\u011flamay\u0131 hedeflemektedir. B\u00f6ylece, insanlar\u0131n sa\u011fl\u0131kl\u0131 ve mutlu bir ya\u015fam s\u00fcrd\u00fcrmelerine katk\u0131da bulunmay\u0131 ama\u00e7lamaktad\u0131r.<\/p>\n","protected":false},"excerpt":{"rendered":"<p>Fonksiyonel T\u0131p Derne\u011fi Ama\u00e7lar\u0131 Fonksiyonel T\u0131p Derne\u011fi, sa\u011fl\u0131k ve ya\u015fam kalitesini iyile\u015ftirmeyi ama\u00e7layan, bireyselle\u015ftirilmi\u015f ve bilimsel temellere dayal\u0131 bir t\u0131p yakla\u015f\u0131m\u0131 olan fonksiyonel t\u0131bb\u0131 yayg\u0131nla\u015ft\u0131rmay\u0131 hedeflemektedir. Dernek, bu amac\u0131n\u0131 ger\u00e7ekle\u015ftirmek i\u00e7in \u015fu faaliyetlere odaklanmaktad\u0131r: E\u011fitim ve Sertifikasyon: Fonksiyonel T\u0131p e\u011fitimlerini ve sertifikasyon programlar\u0131n\u0131 d\u00fczenleyerek, sa\u011fl\u0131k profesyonellerinin bu alandaki bilgi ve becerilerini geli\u015ftirmelerine katk\u0131 sa\u011flamak. Bilimsel [&hellip;]<\/p>\n","protected":false},"author":1,"featured_media":0,"parent":0,"menu_order":0,"comment_status":"closed","ping_status":"closed","template":"","meta":{"footnotes":""},"class_list":["post-145","page","type-page","status-publish","czr-hentry"],"_links":{"self":[{"href":"https:\/\/ftder.org.tr\/web\/wp-json\/wp\/v2\/pages\/145","targetHints":{"allow":["GET"]}}],"collection":[{"href":"https:\/\/ftder.org.tr\/web\/wp-json\/wp\/v2\/pages"}],"about":[{"href":"https:\/\/ftder.org.tr\/web\/wp-json\/wp\/v2\/types\/page"}],"author":[{"embeddable":true,"href":"https:\/\/ftder.org.tr\/web\/wp-json\/wp\/v2\/users\/1"}],"replies":[{"embeddable":true,"href":"https:\/\/ftder.org.tr\/web\/wp-json\/wp\/v2\/comments?post=145"}],"version-history":[{"count":2,"href":"https:\/\/ftder.org.tr\/web\/wp-json\/wp\/v2\/pages\/145\/revisions"}],"predecessor-version":[{"id":149,"href":"https:\/\/ftder.org.tr\/web\/wp-json\/wp\/v2\/pages\/145\/revisions\/149"}],"wp:attachment":[{"href":"https:\/\/ftder.org.tr\/web\/wp-json\/wp\/v2\/media?parent=145"}],"curies":[{"name":"wp","href":"https:\/\/api.w.org\/{rel}","templated":true}]}}